{"id":2824,"date":"2023-05-25T11:29:57","date_gmt":"2023-05-25T10:29:57","guid":{"rendered":"http:\/\/coworkcopenhagen.dk\/?page_id=2824"},"modified":"2023-12-11T11:06:57","modified_gmt":"2023-12-11T09:06:57","slug":"laserskaerer","status":"publish","type":"page","link":"https:\/\/republikken.net\/da\/laserskaerer\/","title":{"rendered":"Lasersk\u00e6rer"},"content":{"rendered":"\n<div class=\"wp-block-stackable-spacer stk-block-spacer stk--no-padding stk-block stk-df99c30\" data-block-id=\"df99c30\"><\/div>\n\n\n\n<h2 class=\"wp-block-heading has-text-align-center\">Lej lasersk\u00e6rer p\u00e5 timebasis<\/h2>\n\n\n\n<div class=\"wp-block-stackable-columns stk-block-columns stk-block stk-2d69071\" data-block-id=\"2d69071\"><style>.stk-2d69071-column{--stk-columns-spacing:0px !important;--stk-column-gap:24px !important;row-gap:24px !important}<\/style><div class=\"stk-row stk-inner-blocks stk-block-content stk-content-align stk-2d69071-column\">\n<div class=\"wp-block-stackable-column stk-block-column stk-column stk-block stk-d6532a3\" data-v=\"4\" data-block-id=\"d6532a3\"><div class=\"stk-column-wrapper stk-block-column__content stk-container stk-d6532a3-container stk--no-background stk--no-padding\"><div class=\"stk-block-content stk-inner-blocks stk-d6532a3-inner-blocks\">\n<p><strong>Lasersk\u00e6rer i v\u00e6rkstedet med mange materialer, s\u00e5 du kan g\u00e5 direkte igang med dit projekt. Vi har krydsfiner, birkefiner, egefiner og mere.<\/strong><\/p>\n\n\n\n<p>Lasersk\u00e6ren hos Republikken kan lejes p\u00e5 timebasis eller du kan f\u00e5 os til at producere dine emner for dig. Vi giver iv\u00e6rks\u00e6ttere, designere og virksomheder adgang til udvikling og realisering af ideer gennem produktion og test i pap, tr\u00e6 og plast.<\/p>\n\n\n\n<p>Med vores <a href=\"https:\/\/republikken.net\/da\/makerspace-koebenhavn\/\">prototypev\u00e6rksted<\/a> kan du bruge vores maskiner p\u00e5 egen h\u00e5nd eller f\u00e5 hj\u00e6lp til at skabe det som du har i tankerne.<\/p>\n\n\n\n<p>Vores lasersk\u00e6rer er centralt i K\u00f8benhavn ved starten af Vesterbrogade, s\u00e5 det er nemt at komme forbi for at sk\u00e6re selv eller for at samle dele op som vi har produceret for dig.<\/p>\n<\/div><\/div><\/div>\n\n\n\n<div class=\"wp-block-stackable-column stk-block-column stk-column stk-block stk-544068b\" data-v=\"4\" data-block-id=\"544068b\"><div class=\"stk-column-wrapper stk-block-column__content stk-container stk-544068b-container stk--no-background stk--no-padding\"><div class=\"stk-block-content stk-inner-blocks stk-544068b-inner-blocks\">\n<figure class=\"wp-block-embed is-type-video is-provider-youtube wp-block-embed-youtube wp-embed-aspect-16-9 wp-has-aspect-ratio\"><div class=\"wp-block-embed__wrapper\">\n<iframe loading=\"lazy\" title=\"Laser cutter Workshop | Lasersk\u00e6rer v\u00e6rksted \/\/ Republikken Copenhagen\" width=\"1290\" height=\"726\" src=\"https:\/\/www.youtube.com\/embed\/WNSBdj5kiyk?feature=oembed\" frameborder=\"0\" allow=\"accelerometer; autoplay; clipboard-write; encrypted-media; gyroscope; picture-in-picture; web-share\" referrerpolicy=\"strict-origin-when-cross-origin\" allowfullscreen><\/iframe>\n<\/div><\/figure>\n\n\n\n<div class=\"wp-block-stackable-columns stk-block-columns stk-block stk-41e2849\" data-block-id=\"41e2849\"><div class=\"stk-row stk-inner-blocks stk-block-content stk-content-align stk-41e2849-column\">\n<div class=\"wp-block-stackable-column stk-block-column stk-column stk-block stk-f2d65a5 stk-block-background\" data-v=\"4\" data-block-id=\"f2d65a5\"><style>.stk-f2d65a5{background-color:var(--theme-palette-color-6,#ABC1D0) !important}.stk-f2d65a5:before{background-color:var(--theme-palette-color-6,#ABC1D0) !important}<\/style><div class=\"stk-column-wrapper stk-block-column__content stk-container stk-f2d65a5-container stk--no-background stk--no-padding\"><div class=\"stk-block-content stk-inner-blocks stk-f2d65a5-inner-blocks\">\n<p><strong>You Create<\/strong><br>Cut your own designs \u2013 <a href=\"https:\/\/republikken.officernd.com\/public\/calendar\/meeting_room?office=6405f303768475000833de07\" target=\"_blank\" rel=\"noreferrer noopener\">book here<\/a><\/p>\n\n\n\n<p><strong>We Create<\/strong><br>We cut for you \u2013 <a href=\"https:\/\/create.republikken.net\/laserskaering\/\" target=\"_blank\" rel=\"noreferrer noopener\">read more<\/a><\/p>\n\n\n\n<p><strong>Book a Meeting<\/strong><br>Let&#8217;s discuss your idea, design, production, etc. \u2013 <a href=\"https:\/\/calendly.com\/createrepublikken\" target=\"_blank\" rel=\"noreferrer noopener\">Book here<\/a><\/p>\n<\/div><\/div><\/div>\n<\/div><\/div>\n<\/div><\/div><\/div>\n<\/div><\/div>\n\n\n\n<div class=\"wp-block-stackable-columns stk-block-columns stk-block stk-bc3e391\" data-block-id=\"bc3e391\"><style>.stk-bc3e391-column{--stk-columns-spacing:0px !important;--stk-column-gap:24px !important;row-gap:24px !important}<\/style><div class=\"stk-row stk-inner-blocks stk-block-content stk-content-align stk-bc3e391-column\">\n<div class=\"wp-block-stackable-column stk-block-column stk-column stk-block stk-d12dc37\" data-v=\"4\" data-block-id=\"d12dc37\"><div class=\"stk-column-wrapper stk-block-column__content stk-container stk-d12dc37-container stk--no-background stk--no-padding\"><div class=\"stk-block-content stk-inner-blocks stk-d12dc37-inner-blocks\">\n<h4 class=\"wp-block-heading\">G\u00f8r det selv<\/h4>\n\n\n\n<p>Vores makerspace med lasersk\u00e6rer er \u00e5bent hele Republikkens \u00e5bningstid. Det betyder at du kan leje vores lasersk\u00e6rer alle hverdage mellem 8-17.<\/p>\n\n\n\n<p>I v\u00e6rkstedet har vi materialer til lasersk\u00e6ren, s\u00e5 du kan g\u00e5 direkte igang med dit projekt. Vi har altid krydsfiner, birkefiner, egefiner og akrylplader p\u00e5 lager i forskellige tykkelser.<\/p>\n\n\n\n<p>For at sikre at lasersk\u00e6ren er ledig n\u00e5r du skal bruge den, kan du booke den hjemmefra p\u00e5 republikken.officernd.com, du f\u00e5r en bruger ved at deltage p\u00e5 vores lasersk\u00e6ringskursus.<\/p>\n<\/div><\/div><\/div>\n\n\n\n<div class=\"wp-block-stackable-column stk-block-column stk-column stk-block stk-738e98c\" data-v=\"4\" data-block-id=\"738e98c\"><div class=\"stk-column-wrapper stk-block-column__content stk-container stk-738e98c-container stk--no-background stk--no-padding\"><div class=\"stk-block-content stk-inner-blocks stk-738e98c-inner-blocks\">\n<h4 class=\"wp-block-heading\">Lasersk\u00e6ringskursus<\/h4>\n\n\n\n<p>Vi tilbyder et grundl\u00e6ggende <a href=\"https:\/\/calendly.com\/createrepublikken\" target=\"_blank\" rel=\"noreferrer noopener\">lasersk\u00e6ringskursus<\/a>, hvor du l\u00e6rer at:<\/p>\n\n\n\n<ul class=\"wp-block-list\">\n<li>Klarg\u00f8re filer til lasersk\u00e6ring<\/li>\n\n\n\n<li>Benytte lasersk\u00e6reren<\/li>\n\n\n\n<li>Om hvilke materialer lasersk\u00e6ren kan sk\u00e6rer i<\/li>\n\n\n\n<li>Generelle tips og tricks.<\/li>\n<\/ul>\n\n\n\n<p>Lasersk\u00e6ringskurset tager 1 time og koster kr 300 eksl. moms.<\/p>\n\n\n\n<p>Efter kurset kan du benytte lasersk\u00e6ren p\u00e5 egen h\u00e5nd og booke lasersk\u00e6ren online.<\/p>\n<\/div><\/div><\/div>\n\n\n\n<div class=\"wp-block-stackable-column stk-block-column stk-column stk-block stk-b71b233\" data-v=\"4\" data-block-id=\"b71b233\"><div class=\"stk-column-wrapper stk-block-column__content stk-container stk-b71b233-container stk--no-background stk--no-padding\"><div class=\"stk-block-content stk-inner-blocks stk-b71b233-inner-blocks\">\n<h4 class=\"wp-block-heading\">Lad os g\u00f8re det for dig<\/h4>\n\n\n\n<p>Vi kan hj\u00e6lpe med at designe, udvikle og lasersk\u00e6rer dine emner. Bes\u00f8g&nbsp;<a href=\"https:\/\/create.republikken.net\/laserskaering\/\">Republikken Create,<\/a>&nbsp;f\u00e5 en lasersk\u00e6ringspris eller book et m\u00f8de med os.<\/p>\n\n\n\n<p>Vi kan i samarbejde med&nbsp;<a href=\"https:\/\/create.republikken.net\/laserskaering\/\">Republikken Create<\/a>&nbsp;tilvejebringe professionel hj\u00e6lp i v\u00e6rkstedet b\u00e5de f\u00f8r, under og efter dit projekt. Med vores netv\u00e6rk kan vi l\u00f8se en lang r\u00e6kke design og tekniske udfordringer som g\u00e5r udover de maskiner vi har her p\u00e5 Vesterbrogade.<\/p>\n\n\n\n<p>Lasersk\u00e6ring er en del af <a href=\"https:\/\/republikken.net\/da\/makerspace-koebenhavn\/\">Republikken Makerspace<\/a>.<\/p>\n<\/div><\/div><\/div>\n<\/div><\/div>\n\n\n\n<div class=\"wp-block-stackable-call-to-action alignwide stk-block-call-to-action stk-block stk-6c6aac1 stk-block-background is-style-horizontal\" data-v=\"2\" data-block-id=\"6c6aac1\"><style>.stk-6c6aac1-inner-blocks{flex-wrap:wrap !important;column-gap:0px !important}.stk-6c6aac1{background-color:var(--theme-palette-color-1,#EF787A) !important}.stk-6c6aac1:before{background-color:var(--theme-palette-color-1,#EF787A) !important}<\/style><div class=\"stk-block-call-to-action__content stk-content-align stk-6c6aac1-column alignwide stk-container stk-6c6aac1-container stk--no-background stk--no-padding\"><div class=\"has-text-align-center stk--block-horizontal-flex stk-block-content stk-inner-blocks stk-6c6aac1-inner-blocks\">\n<div class=\"wp-block-stackable-heading stk-block-heading stk-block-heading--v2 stk-block stk-99c1335\" id=\"kursus\" data-block-id=\"99c1335\"><h3 class=\"stk-block-heading__text has-text-align-left\">Kursus<\/h3><\/div>\n\n\n\n<div class=\"wp-block-stackable-text stk-block-text stk-block stk-45d0062\" data-block-id=\"45d0062\"><style>.stk-45d0062{align-items:center !important;margin-left:24px !important;display:flex !important}<\/style><p class=\"stk-block-text__text has-text-align-left\">Book et 3D Printing eller lasersk\u00e6rer kursus ved Republikken Create.<\/p><\/div>\n\n\n\n<div class=\"wp-block-stackable-button-group stk-block-button-group stk-block stk-6807a62\" data-block-id=\"6807a62\"><style>.stk-6807a62{margin-left:24px !important}<\/style><div class=\"stk-row stk-inner-blocks stk-block-content stk-button-group\">\n<div class=\"wp-block-stackable-button stk-block-button stk-block stk-835f163\" data-block-id=\"835f163\"><style>.stk-835f163 .stk-button{background:var(--theme-palette-color-3,#1D1E1B) !important}.stk-835f163 .stk-button:hover:after{background:var(--theme-palette-color-2,#243265) !important;opacity:1 !important}.stk-835f163 .stk-button__inner-text{color:var(--theme-palette-color-8,#ffffff) !important}<\/style><a class=\"stk-link stk-button stk--hover-effect-darken\" href=\"https:\/\/calendly.com\/republikken\/tour?month=2023-04\" target=\"_blank\" rel=\"noreferrer noopener\"><span class=\"has-text-color stk-button__inner-text\"><strong>Book nu<\/strong><\/span><\/a><\/div>\n<\/div><\/div>\n<\/div><a class=\"stk-link stk-block-link stk--transparent-overlay\" href=\"https:\/\/calendly.com\/createrepublikken\" aria-hidden=\"true\" tabindex=\"-1\" target=\"_blank\" rel=\"noreferrer noopener\"><\/a><\/div><\/div>\n\n\n\n<div class=\"wp-block-stackable-call-to-action alignwide stk-block-call-to-action stk-block stk-237669b stk-block-background is-style-horizontal\" data-v=\"2\" data-block-id=\"237669b\"><style>.stk-237669b-inner-blocks{flex-wrap:wrap !important;column-gap:0px !important}.stk-237669b{background-color:var(--theme-palette-color-7,#00A0A3) !important}.stk-237669b:before{background-color:var(--theme-palette-color-7,#00A0A3) !important}<\/style><div class=\"stk-block-call-to-action__content stk-content-align stk-237669b-column alignwide stk-container stk-237669b-container stk--no-background stk--no-padding\"><div class=\"has-text-align-center stk--block-horizontal-flex stk-block-content stk-inner-blocks stk-237669b-inner-blocks\">\n<div class=\"wp-block-stackable-heading stk-block-heading stk-block-heading--v2 stk-block stk-cd7a169\" id=\"booking\" data-block-id=\"cd7a169\"><h3 class=\"stk-block-heading__text has-text-align-left\">Booking<\/h3><\/div>\n\n\n\n<div class=\"wp-block-stackable-text stk-block-text stk-block stk-e596a64\" data-block-id=\"e596a64\"><style>.stk-e596a64{align-items:center !important;margin-left:24px !important;display:flex !important}<\/style><p class=\"stk-block-text__text has-text-align-left\">Allerede medlem? Book lasersk\u00e6rer her.<\/p><\/div>\n\n\n\n<div class=\"wp-block-stackable-button-group stk-block-button-group stk-block stk-10a4542\" data-block-id=\"10a4542\"><style>.stk-10a4542{margin-left:24px !important}<\/style><div class=\"stk-row stk-inner-blocks stk-block-content stk-button-group\">\n<div class=\"wp-block-stackable-button stk-block-button stk-block stk-a5bbb86\" data-block-id=\"a5bbb86\"><style>.stk-a5bbb86 .stk-button{background:var(--theme-palette-color-3,#1D1E1B) !important}.stk-a5bbb86 .stk-button:hover:after{background:var(--theme-palette-color-2,#243265) !important;opacity:1 !important}.stk-a5bbb86 .stk-button__inner-text{color:var(--theme-palette-color-8,#ffffff) !important}<\/style><a class=\"stk-link stk-button stk--hover-effect-darken\" href=\"https:\/\/republikken.officernd.com\/login?office=6405f303768475000833de07&amp;participants=1,41&amp;start=2023-12-11T07:10:09.026Z\" target=\"_blank\" rel=\"noreferrer noopener\"><span class=\"has-text-color stk-button__inner-text\"><strong>Book nu<\/strong><\/span><\/a><\/div>\n<\/div><\/div>\n<\/div><a class=\"stk-link stk-block-link stk--transparent-overlay\" href=\"https:\/\/republikken.officernd.com\/login\" aria-hidden=\"true\" tabindex=\"-1\" target=\"_blank\" rel=\"noreferrer noopener\"><\/a><\/div><\/div>\n","protected":false},"excerpt":{"rendered":"<p>Lej lasersk\u00e6rer p\u00e5 timebasis Lasersk\u00e6rer i v\u00e6rkstedet med mange materialer, s\u00e5 du kan g\u00e5 direkte igang med dit projekt. Vi har krydsfiner, birkefiner, egefiner og mere. Lasersk\u00e6ren hos Republikken kan lejes p\u00e5 timebasis eller du kan f\u00e5 os til at producere dine emner for dig. Vi giver iv\u00e6rks\u00e6ttere, designere og virksomheder adgang til udvikling og [&hellip;]<\/p>\n","protected":false},"author":1,"featured_media":4585,"parent":0,"menu_order":0,"comment_status":"closed","ping_status":"closed","template":"","meta":{"footnotes":""},"class_list":["post-2824","page","type-page","status-publish","has-post-thumbnail","hentry"],"blocksy_meta":[],"yoast_head":"<!-- This site is optimized with the Yoast SEO plugin v27.4 - https:\/\/yoast.com\/product\/yoast-seo-wordpress\/ -->\n<title>Lasersk\u00e6rer i K\u00f8benhavn | Tr\u00e6, Akryl og Pap | Lasersk\u00e6rer<\/title>\n<meta name=\"description\" content=\"Lasersk\u00e6rer i v\u00e6rkstedet med mange materialer, s\u00e5 du kan g\u00e5 direkte igang med dit projekt. Vi har krydsfiner, birkefiner, egefiner og mere.\" \/>\n<meta name=\"robots\" content=\"index, follow, max-snippet:-1, max-image-preview:large, max-video-preview:-1\" \/>\n<link rel=\"canonical\" href=\"https:\/\/republikken.net\/da\/laserskaerer\/\" \/>\n<meta property=\"og:locale\" content=\"da_DK\" \/>\n<meta property=\"og:type\" content=\"article\" \/>\n<meta property=\"og:title\" content=\"Lasersk\u00e6rer i K\u00f8benhavn | Tr\u00e6, Akryl og Pap | Lasersk\u00e6rer\" \/>\n<meta property=\"og:description\" content=\"Lasersk\u00e6rer i v\u00e6rkstedet med mange materialer, s\u00e5 du kan g\u00e5 direkte igang med dit projekt. Vi har krydsfiner, birkefiner, egefiner og mere.\" \/>\n<meta property=\"og:url\" content=\"https:\/\/republikken.net\/da\/laserskaerer\/\" \/>\n<meta property=\"og:site_name\" content=\"Republikken\" \/>\n<meta property=\"article:publisher\" content=\"https:\/\/www.facebook.com\/republikken\/?fref=ts\" \/>\n<meta property=\"article:modified_time\" content=\"2023-12-11T09:06:57+00:00\" \/>\n<meta property=\"og:image\" content=\"https:\/\/republikken.net\/wp-content\/uploads\/2023\/07\/laserskaerer.jpg\" \/>\n\t<meta property=\"og:image:width\" content=\"1200\" \/>\n\t<meta property=\"og:image:height\" content=\"797\" \/>\n\t<meta property=\"og:image:type\" content=\"image\/jpeg\" \/>\n<meta name=\"twitter:card\" content=\"summary_large_image\" \/>\n<meta name=\"twitter:label1\" content=\"Estimeret l\u00e6setid\" \/>\n\t<meta name=\"twitter:data1\" content=\"2 minutter\" \/>\n<script type=\"application\/ld+json\" class=\"yoast-schema-graph\">{\"@context\":\"https:\\\/\\\/schema.org\",\"@graph\":[{\"@type\":\"WebPage\",\"@id\":\"https:\\\/\\\/republikken.net\\\/da\\\/laserskaerer\\\/\",\"url\":\"https:\\\/\\\/republikken.net\\\/da\\\/laserskaerer\\\/\",\"name\":\"Lasersk\u00e6rer i K\u00f8benhavn | Tr\u00e6, Akryl og Pap | Lasersk\u00e6rer\",\"isPartOf\":{\"@id\":\"https:\\\/\\\/republikken.net\\\/da\\\/#website\"},\"primaryImageOfPage\":{\"@id\":\"https:\\\/\\\/republikken.net\\\/da\\\/laserskaerer\\\/#primaryimage\"},\"image\":{\"@id\":\"https:\\\/\\\/republikken.net\\\/da\\\/laserskaerer\\\/#primaryimage\"},\"thumbnailUrl\":\"https:\\\/\\\/republikken.net\\\/wp-content\\\/uploads\\\/2023\\\/07\\\/laserskaerer.jpg\",\"datePublished\":\"2023-05-25T10:29:57+00:00\",\"dateModified\":\"2023-12-11T09:06:57+00:00\",\"description\":\"Lasersk\u00e6rer i v\u00e6rkstedet med mange materialer, s\u00e5 du kan g\u00e5 direkte igang med dit projekt. Vi har krydsfiner, birkefiner, egefiner og mere.\",\"breadcrumb\":{\"@id\":\"https:\\\/\\\/republikken.net\\\/da\\\/laserskaerer\\\/#breadcrumb\"},\"inLanguage\":\"da-DK\",\"potentialAction\":[{\"@type\":\"ReadAction\",\"target\":[\"https:\\\/\\\/republikken.net\\\/da\\\/laserskaerer\\\/\"]}]},{\"@type\":\"ImageObject\",\"inLanguage\":\"da-DK\",\"@id\":\"https:\\\/\\\/republikken.net\\\/da\\\/laserskaerer\\\/#primaryimage\",\"url\":\"https:\\\/\\\/republikken.net\\\/wp-content\\\/uploads\\\/2023\\\/07\\\/laserskaerer.jpg\",\"contentUrl\":\"https:\\\/\\\/republikken.net\\\/wp-content\\\/uploads\\\/2023\\\/07\\\/laserskaerer.jpg\",\"width\":1200,\"height\":797,\"caption\":\"Lasersk\u00e6rer\"},{\"@type\":\"BreadcrumbList\",\"@id\":\"https:\\\/\\\/republikken.net\\\/da\\\/laserskaerer\\\/#breadcrumb\",\"itemListElement\":[{\"@type\":\"ListItem\",\"position\":1,\"name\":\"Home\",\"item\":\"https:\\\/\\\/republikken.net\\\/da\\\/\"},{\"@type\":\"ListItem\",\"position\":2,\"name\":\"Lasersk\u00e6rer\"}]},{\"@type\":\"WebSite\",\"@id\":\"https:\\\/\\\/republikken.net\\\/da\\\/#website\",\"url\":\"https:\\\/\\\/republikken.net\\\/da\\\/\",\"name\":\"Republikken\",\"description\":\"Coworking in Copenhagen\",\"publisher\":{\"@id\":\"https:\\\/\\\/republikken.net\\\/da\\\/#organization\"},\"potentialAction\":[{\"@type\":\"SearchAction\",\"target\":{\"@type\":\"EntryPoint\",\"urlTemplate\":\"https:\\\/\\\/republikken.net\\\/da\\\/?s={search_term_string}\"},\"query-input\":{\"@type\":\"PropertyValueSpecification\",\"valueRequired\":true,\"valueName\":\"search_term_string\"}}],\"inLanguage\":\"da-DK\"},{\"@type\":\"Organization\",\"@id\":\"https:\\\/\\\/republikken.net\\\/da\\\/#organization\",\"name\":\"Republikken\",\"url\":\"https:\\\/\\\/republikken.net\\\/da\\\/\",\"logo\":{\"@type\":\"ImageObject\",\"inLanguage\":\"da-DK\",\"@id\":\"https:\\\/\\\/republikken.net\\\/da\\\/#\\\/schema\\\/logo\\\/image\\\/\",\"url\":\"http:\\\/\\\/coworkcopenhagen.dk\\\/wp-content\\\/uploads\\\/2023\\\/05\\\/republikken-logo-yoast.png\",\"contentUrl\":\"http:\\\/\\\/coworkcopenhagen.dk\\\/wp-content\\\/uploads\\\/2023\\\/05\\\/republikken-logo-yoast.png\",\"width\":696,\"height\":696,\"caption\":\"Republikken\"},\"image\":{\"@id\":\"https:\\\/\\\/republikken.net\\\/da\\\/#\\\/schema\\\/logo\\\/image\\\/\"},\"sameAs\":[\"https:\\\/\\\/www.facebook.com\\\/republikken\\\/?fref=ts\",\"https:\\\/\\\/www.instagram.com\\\/republikken\\\/\",\"https:\\\/\\\/www.linkedin.com\\\/company\\\/republikken\\\/\"]}]}<\/script>\n<!-- \/ Yoast SEO plugin. -->","yoast_head_json":{"title":"Lasersk\u00e6rer i K\u00f8benhavn | Tr\u00e6, Akryl og Pap | Lasersk\u00e6rer","description":"Lasersk\u00e6rer i v\u00e6rkstedet med mange materialer, s\u00e5 du kan g\u00e5 direkte igang med dit projekt. Vi har krydsfiner, birkefiner, egefiner og mere.","robots":{"index":"index","follow":"follow","max-snippet":"max-snippet:-1","max-image-preview":"max-image-preview:large","max-video-preview":"max-video-preview:-1"},"canonical":"https:\/\/republikken.net\/da\/laserskaerer\/","og_locale":"da_DK","og_type":"article","og_title":"Lasersk\u00e6rer i K\u00f8benhavn | Tr\u00e6, Akryl og Pap | Lasersk\u00e6rer","og_description":"Lasersk\u00e6rer i v\u00e6rkstedet med mange materialer, s\u00e5 du kan g\u00e5 direkte igang med dit projekt. Vi har krydsfiner, birkefiner, egefiner og mere.","og_url":"https:\/\/republikken.net\/da\/laserskaerer\/","og_site_name":"Republikken","article_publisher":"https:\/\/www.facebook.com\/republikken\/?fref=ts","article_modified_time":"2023-12-11T09:06:57+00:00","og_image":[{"width":1200,"height":797,"url":"https:\/\/republikken.net\/wp-content\/uploads\/2023\/07\/laserskaerer.jpg","type":"image\/jpeg"}],"twitter_card":"summary_large_image","twitter_misc":{"Estimeret l\u00e6setid":"2 minutter"},"schema":{"@context":"https:\/\/schema.org","@graph":[{"@type":"WebPage","@id":"https:\/\/republikken.net\/da\/laserskaerer\/","url":"https:\/\/republikken.net\/da\/laserskaerer\/","name":"Lasersk\u00e6rer i K\u00f8benhavn | Tr\u00e6, Akryl og Pap | Lasersk\u00e6rer","isPartOf":{"@id":"https:\/\/republikken.net\/da\/#website"},"primaryImageOfPage":{"@id":"https:\/\/republikken.net\/da\/laserskaerer\/#primaryimage"},"image":{"@id":"https:\/\/republikken.net\/da\/laserskaerer\/#primaryimage"},"thumbnailUrl":"https:\/\/republikken.net\/wp-content\/uploads\/2023\/07\/laserskaerer.jpg","datePublished":"2023-05-25T10:29:57+00:00","dateModified":"2023-12-11T09:06:57+00:00","description":"Lasersk\u00e6rer i v\u00e6rkstedet med mange materialer, s\u00e5 du kan g\u00e5 direkte igang med dit projekt. Vi har krydsfiner, birkefiner, egefiner og mere.","breadcrumb":{"@id":"https:\/\/republikken.net\/da\/laserskaerer\/#breadcrumb"},"inLanguage":"da-DK","potentialAction":[{"@type":"ReadAction","target":["https:\/\/republikken.net\/da\/laserskaerer\/"]}]},{"@type":"ImageObject","inLanguage":"da-DK","@id":"https:\/\/republikken.net\/da\/laserskaerer\/#primaryimage","url":"https:\/\/republikken.net\/wp-content\/uploads\/2023\/07\/laserskaerer.jpg","contentUrl":"https:\/\/republikken.net\/wp-content\/uploads\/2023\/07\/laserskaerer.jpg","width":1200,"height":797,"caption":"Lasersk\u00e6rer"},{"@type":"BreadcrumbList","@id":"https:\/\/republikken.net\/da\/laserskaerer\/#breadcrumb","itemListElement":[{"@type":"ListItem","position":1,"name":"Home","item":"https:\/\/republikken.net\/da\/"},{"@type":"ListItem","position":2,"name":"Lasersk\u00e6rer"}]},{"@type":"WebSite","@id":"https:\/\/republikken.net\/da\/#website","url":"https:\/\/republikken.net\/da\/","name":"Republikken","description":"Coworking in Copenhagen","publisher":{"@id":"https:\/\/republikken.net\/da\/#organization"},"potentialAction":[{"@type":"SearchAction","target":{"@type":"EntryPoint","urlTemplate":"https:\/\/republikken.net\/da\/?s={search_term_string}"},"query-input":{"@type":"PropertyValueSpecification","valueRequired":true,"valueName":"search_term_string"}}],"inLanguage":"da-DK"},{"@type":"Organization","@id":"https:\/\/republikken.net\/da\/#organization","name":"Republikken","url":"https:\/\/republikken.net\/da\/","logo":{"@type":"ImageObject","inLanguage":"da-DK","@id":"https:\/\/republikken.net\/da\/#\/schema\/logo\/image\/","url":"http:\/\/coworkcopenhagen.dk\/wp-content\/uploads\/2023\/05\/republikken-logo-yoast.png","contentUrl":"http:\/\/coworkcopenhagen.dk\/wp-content\/uploads\/2023\/05\/republikken-logo-yoast.png","width":696,"height":696,"caption":"Republikken"},"image":{"@id":"https:\/\/republikken.net\/da\/#\/schema\/logo\/image\/"},"sameAs":["https:\/\/www.facebook.com\/republikken\/?fref=ts","https:\/\/www.instagram.com\/republikken\/","https:\/\/www.linkedin.com\/company\/republikken\/"]}]}},"_links":{"self":[{"href":"https:\/\/republikken.net\/da\/wp-json\/wp\/v2\/pages\/2824","targetHints":{"allow":["GET"]}}],"collection":[{"href":"https:\/\/republikken.net\/da\/wp-json\/wp\/v2\/pages"}],"about":[{"href":"https:\/\/republikken.net\/da\/wp-json\/wp\/v2\/types\/page"}],"author":[{"embeddable":true,"href":"https:\/\/republikken.net\/da\/wp-json\/wp\/v2\/users\/1"}],"replies":[{"embeddable":true,"href":"https:\/\/republikken.net\/da\/wp-json\/wp\/v2\/comments?post=2824"}],"version-history":[{"count":12,"href":"https:\/\/republikken.net\/da\/wp-json\/wp\/v2\/pages\/2824\/revisions"}],"predecessor-version":[{"id":8619,"href":"https:\/\/republikken.net\/da\/wp-json\/wp\/v2\/pages\/2824\/revisions\/8619"}],"wp:featuredmedia":[{"embeddable":true,"href":"https:\/\/republikken.net\/da\/wp-json\/wp\/v2\/media\/4585"}],"wp:attachment":[{"href":"https:\/\/republikken.net\/da\/wp-json\/wp\/v2\/media?parent=2824"}],"curies":[{"name":"wp","href":"https:\/\/api.w.org\/{rel}","templated":true}]}}